{"id":4757,"date":"2022-06-24T10:39:58","date_gmt":"2022-06-24T08:39:58","guid":{"rendered":"https:\/\/schaumweinkontor.com\/product\/castellroig-sic-corpinnat-brut-nature-075-l\/"},"modified":"2024-04-25T11:06:12","modified_gmt":"2024-04-25T09:06:12","slug":"castellroig-sic-corpinnat-brut-nature-075-l","status":"publish","type":"product","link":"https:\/\/schaumweinkontor.com\/en\/produkt\/castellroig-sic-corpinnat-brut-nature-075-l\/","title":{"rendered":"Castellroig SiC Corpinnat Brut Nature 0,75 L"},"content":{"rendered":"<p>This ultra-dry top sparkling wine matured for almost 5 years from the single layer of Mosset on its own yeasts in the bottle. Dass er sich &#8211; bei aller machtvollen Substanz &#8211; taufrisch pr\u00e4sentiert, spricht f\u00fcr die minuzi\u00f6se Arbeit des begnadeten Marcel Sabat\u00e9. In the scent of white peach, anise and the sea, with an addition to hawthorn and bergamot. The Mousseux is powerful and very finely interwoven. The crisp fruit mixes drop by drop bergamot oil, fennel and stone. Creaminess, liveliness and minerality form a grandiose unit that simply never wants to end.<\/p>\n<p><a href=\"https:\/\/schaumweinkontor.com\/wp-content\/uploads\/2022\/07\/Information-Corpinnat.pdf\">Product information<\/a><\/p>\n","protected":false},"excerpt":{"rendered":"<p>Mocabeo, Malvasla, Xarel-Io<br \/>\n60 months on lees<br \/>\nAlc: 12Vol%<br \/>\nDosage: 0 g\/l<\/p>\n","protected":false},"featured_media":4556,"comment_status":"open","ping_status":"closed","template":"","meta":{"_acf_changed":false,"inline_featured_image":false},"product_brand":[],"product_cat":[255],"product_tag":[],"giftcard-category":[],"class_list":{"0":"post-4757","1":"product","2":"type-product","3":"status-publish","4":"has-post-thumbnail","6":"product_cat-sabate-i-coca","8":"first","9":"outofstock","10":"taxable","11":"shipping-taxable","12":"purchasable","13":"product-type-simple"},"acf":[],"yoast_head":"<!-- This site is optimized with the Yoast SEO plugin v27.3 - https:\/\/yoast.com\/product\/yoast-seo-wordpress\/ -->\n<title>Castellroig SiC Corpinnat Brut Nature 0,75 L - Schaumweinkontor<\/title>\n<meta name=\"description\" content=\"Mocabeo, Malvasla, Xarel-Io60 Monate auf der HefeAlk: 12Vol%Dosage: 0 g\/l\" \/>\n<meta name=\"robots\" content=\"index, follow, max-snippet:-1, max-image-preview:large, max-video-preview:-1\" \/>\n<link rel=\"canonical\" href=\"https:\/\/schaumweinkontor.com\/en\/produkt\/castellroig-sic-corpinnat-brut-nature-075-l\/\" \/>\n<meta property=\"og:locale\" content=\"en_US\" \/>\n<meta property=\"og:type\" content=\"article\" \/>\n<meta property=\"og:title\" content=\"Castellroig SiC Corpinnat Brut Nature 0,75 L - Schaumweinkontor\" \/>\n<meta property=\"og:description\" content=\"Mocabeo, Malvasla, Xarel-Io60 Monate auf der HefeAlk: 12Vol%Dosage: 0 g\/l\" \/>\n<meta property=\"og:url\" content=\"https:\/\/schaumweinkontor.com\/en\/produkt\/castellroig-sic-corpinnat-brut-nature-075-l\/\" \/>\n<meta property=\"og:site_name\" content=\"Schaumweinkontor\" \/>\n<meta property=\"article:modified_time\" content=\"2024-04-25T09:06:12+00:00\" \/>\n<meta property=\"og:image\" content=\"https:\/\/schaumweinkontor.com\/wp-content\/uploads\/2022\/06\/Castellroig-SiC-Corpinnat-Brut-Nature-075-L.png\" \/>\n\t<meta property=\"og:image:width\" content=\"1000\" \/>\n\t<meta property=\"og:image:height\" content=\"1000\" \/>\n\t<meta property=\"og:image:type\" content=\"image\/png\" \/>\n<meta name=\"twitter:card\" content=\"summary_large_image\" \/>\n<script type=\"application\/ld+json\" class=\"yoast-schema-graph\">{\"@context\":\"https:\\\/\\\/schema.org\",\"@graph\":[{\"@type\":\"WebPage\",\"@id\":\"https:\\\/\\\/schaumweinkontor.com\\\/en\\\/produkt\\\/castellroig-sic-corpinnat-brut-nature-075-l\\\/\",\"url\":\"https:\\\/\\\/schaumweinkontor.com\\\/en\\\/produkt\\\/castellroig-sic-corpinnat-brut-nature-075-l\\\/\",\"name\":\"Castellroig SiC Corpinnat Brut Nature 0,75 L - Schaumweinkontor\",\"isPartOf\":{\"@id\":\"https:\\\/\\\/schaumweinkontor.com\\\/en\\\/#website\"},\"primaryImageOfPage\":{\"@id\":\"https:\\\/\\\/schaumweinkontor.com\\\/en\\\/produkt\\\/castellroig-sic-corpinnat-brut-nature-075-l\\\/#primaryimage\"},\"image\":{\"@id\":\"https:\\\/\\\/schaumweinkontor.com\\\/en\\\/produkt\\\/castellroig-sic-corpinnat-brut-nature-075-l\\\/#primaryimage\"},\"thumbnailUrl\":\"https:\\\/\\\/schaumweinkontor.com\\\/wp-content\\\/uploads\\\/2022\\\/06\\\/Castellroig-SiC-Corpinnat-Brut-Nature-075-L.png\",\"datePublished\":\"2022-06-24T08:39:58+00:00\",\"dateModified\":\"2024-04-25T09:06:12+00:00\",\"description\":\"Mocabeo, Malvasla, Xarel-Io60 Monate auf der HefeAlk: 12Vol%Dosage: 0 g\\\/l\",\"breadcrumb\":{\"@id\":\"https:\\\/\\\/schaumweinkontor.com\\\/en\\\/produkt\\\/castellroig-sic-corpinnat-brut-nature-075-l\\\/#breadcrumb\"},\"inLanguage\":\"en-US\",\"potentialAction\":[{\"@type\":\"ReadAction\",\"target\":[\"https:\\\/\\\/schaumweinkontor.com\\\/en\\\/produkt\\\/castellroig-sic-corpinnat-brut-nature-075-l\\\/\"]}]},{\"@type\":\"ImageObject\",\"inLanguage\":\"en-US\",\"@id\":\"https:\\\/\\\/schaumweinkontor.com\\\/en\\\/produkt\\\/castellroig-sic-corpinnat-brut-nature-075-l\\\/#primaryimage\",\"url\":\"https:\\\/\\\/schaumweinkontor.com\\\/wp-content\\\/uploads\\\/2022\\\/06\\\/Castellroig-SiC-Corpinnat-Brut-Nature-075-L.png\",\"contentUrl\":\"https:\\\/\\\/schaumweinkontor.com\\\/wp-content\\\/uploads\\\/2022\\\/06\\\/Castellroig-SiC-Corpinnat-Brut-Nature-075-L.png\",\"width\":1000,\"height\":1000},{\"@type\":\"BreadcrumbList\",\"@id\":\"https:\\\/\\\/schaumweinkontor.com\\\/en\\\/produkt\\\/castellroig-sic-corpinnat-brut-nature-075-l\\\/#breadcrumb\",\"itemListElement\":[{\"@type\":\"ListItem\",\"position\":1,\"name\":\"Home\",\"item\":\"https:\\\/\\\/schaumweinkontor.com\\\/en\\\/\"},{\"@type\":\"ListItem\",\"position\":2,\"name\":\"Shop\",\"item\":\"https:\\\/\\\/schaumweinkontor.com\\\/en\\\/shop\\\/\"},{\"@type\":\"ListItem\",\"position\":3,\"name\":\"Castellroig SiC Corpinnat Brut Nature 0,75 L\"}]},{\"@type\":\"WebSite\",\"@id\":\"https:\\\/\\\/schaumweinkontor.com\\\/en\\\/#website\",\"url\":\"https:\\\/\\\/schaumweinkontor.com\\\/en\\\/\",\"name\":\"Schaumweinkontor\",\"description\":\"Die erste Adresse f\u00fcr prickelnden Genuss\",\"publisher\":{\"@id\":\"https:\\\/\\\/schaumweinkontor.com\\\/en\\\/#organization\"},\"potentialAction\":[{\"@type\":\"SearchAction\",\"target\":{\"@type\":\"EntryPoint\",\"urlTemplate\":\"https:\\\/\\\/schaumweinkontor.com\\\/en\\\/?s={search_term_string}\"},\"query-input\":{\"@type\":\"PropertyValueSpecification\",\"valueRequired\":true,\"valueName\":\"search_term_string\"}}],\"inLanguage\":\"en-US\"},{\"@type\":\"Organization\",\"@id\":\"https:\\\/\\\/schaumweinkontor.com\\\/en\\\/#organization\",\"name\":\"Schaumweinkontor\",\"url\":\"https:\\\/\\\/schaumweinkontor.com\\\/en\\\/\",\"logo\":{\"@type\":\"ImageObject\",\"inLanguage\":\"en-US\",\"@id\":\"https:\\\/\\\/schaumweinkontor.com\\\/en\\\/#\\\/schema\\\/logo\\\/image\\\/\",\"url\":\"https:\\\/\\\/schaumweinkontor.com\\\/wp-content\\\/uploads\\\/2022\\\/06\\\/Logo-schaumweinkontor.svg\",\"contentUrl\":\"https:\\\/\\\/schaumweinkontor.com\\\/wp-content\\\/uploads\\\/2022\\\/06\\\/Logo-schaumweinkontor.svg\",\"width\":100,\"height\":100,\"caption\":\"Schaumweinkontor\"},\"image\":{\"@id\":\"https:\\\/\\\/schaumweinkontor.com\\\/en\\\/#\\\/schema\\\/logo\\\/image\\\/\"}}]}<\/script>\n<!-- \/ Yoast SEO plugin. -->","yoast_head_json":{"title":"Castellroig SiC Corpinnat Brut Nature 0,75 L - Schaumweinkontor","description":"Mocabeo, Malvasla, Xarel-Io60 Monate auf der HefeAlk: 12Vol%Dosage: 0 g\/l","robots":{"index":"index","follow":"follow","max-snippet":"max-snippet:-1","max-image-preview":"max-image-preview:large","max-video-preview":"max-video-preview:-1"},"canonical":"https:\/\/schaumweinkontor.com\/en\/produkt\/castellroig-sic-corpinnat-brut-nature-075-l\/","og_locale":"en_US","og_type":"article","og_title":"Castellroig SiC Corpinnat Brut Nature 0,75 L - Schaumweinkontor","og_description":"Mocabeo, Malvasla, Xarel-Io60 Monate auf der HefeAlk: 12Vol%Dosage: 0 g\/l","og_url":"https:\/\/schaumweinkontor.com\/en\/produkt\/castellroig-sic-corpinnat-brut-nature-075-l\/","og_site_name":"Schaumweinkontor","article_modified_time":"2024-04-25T09:06:12+00:00","og_image":[{"width":1000,"height":1000,"url":"https:\/\/schaumweinkontor.com\/wp-content\/uploads\/2022\/06\/Castellroig-SiC-Corpinnat-Brut-Nature-075-L.png","type":"image\/png"}],"twitter_card":"summary_large_image","schema":{"@context":"https:\/\/schema.org","@graph":[{"@type":"WebPage","@id":"https:\/\/schaumweinkontor.com\/en\/produkt\/castellroig-sic-corpinnat-brut-nature-075-l\/","url":"https:\/\/schaumweinkontor.com\/en\/produkt\/castellroig-sic-corpinnat-brut-nature-075-l\/","name":"Castellroig SiC Corpinnat Brut Nature 0,75 L - Schaumweinkontor","isPartOf":{"@id":"https:\/\/schaumweinkontor.com\/en\/#website"},"primaryImageOfPage":{"@id":"https:\/\/schaumweinkontor.com\/en\/produkt\/castellroig-sic-corpinnat-brut-nature-075-l\/#primaryimage"},"image":{"@id":"https:\/\/schaumweinkontor.com\/en\/produkt\/castellroig-sic-corpinnat-brut-nature-075-l\/#primaryimage"},"thumbnailUrl":"https:\/\/schaumweinkontor.com\/wp-content\/uploads\/2022\/06\/Castellroig-SiC-Corpinnat-Brut-Nature-075-L.png","datePublished":"2022-06-24T08:39:58+00:00","dateModified":"2024-04-25T09:06:12+00:00","description":"Mocabeo, Malvasla, Xarel-Io60 Monate auf der HefeAlk: 12Vol%Dosage: 0 g\/l","breadcrumb":{"@id":"https:\/\/schaumweinkontor.com\/en\/produkt\/castellroig-sic-corpinnat-brut-nature-075-l\/#breadcrumb"},"inLanguage":"en-US","potentialAction":[{"@type":"ReadAction","target":["https:\/\/schaumweinkontor.com\/en\/produkt\/castellroig-sic-corpinnat-brut-nature-075-l\/"]}]},{"@type":"ImageObject","inLanguage":"en-US","@id":"https:\/\/schaumweinkontor.com\/en\/produkt\/castellroig-sic-corpinnat-brut-nature-075-l\/#primaryimage","url":"https:\/\/schaumweinkontor.com\/wp-content\/uploads\/2022\/06\/Castellroig-SiC-Corpinnat-Brut-Nature-075-L.png","contentUrl":"https:\/\/schaumweinkontor.com\/wp-content\/uploads\/2022\/06\/Castellroig-SiC-Corpinnat-Brut-Nature-075-L.png","width":1000,"height":1000},{"@type":"BreadcrumbList","@id":"https:\/\/schaumweinkontor.com\/en\/produkt\/castellroig-sic-corpinnat-brut-nature-075-l\/#breadcrumb","itemListElement":[{"@type":"ListItem","position":1,"name":"Home","item":"https:\/\/schaumweinkontor.com\/en\/"},{"@type":"ListItem","position":2,"name":"Shop","item":"https:\/\/schaumweinkontor.com\/en\/shop\/"},{"@type":"ListItem","position":3,"name":"Castellroig SiC Corpinnat Brut Nature 0,75 L"}]},{"@type":"WebSite","@id":"https:\/\/schaumweinkontor.com\/en\/#website","url":"https:\/\/schaumweinkontor.com\/en\/","name":"Schaumweinkontor","description":"Die erste Adresse f\u00fcr prickelnden Genuss","publisher":{"@id":"https:\/\/schaumweinkontor.com\/en\/#organization"},"potentialAction":[{"@type":"SearchAction","target":{"@type":"EntryPoint","urlTemplate":"https:\/\/schaumweinkontor.com\/en\/?s={search_term_string}"},"query-input":{"@type":"PropertyValueSpecification","valueRequired":true,"valueName":"search_term_string"}}],"inLanguage":"en-US"},{"@type":"Organization","@id":"https:\/\/schaumweinkontor.com\/en\/#organization","name":"Schaumweinkontor","url":"https:\/\/schaumweinkontor.com\/en\/","logo":{"@type":"ImageObject","inLanguage":"en-US","@id":"https:\/\/schaumweinkontor.com\/en\/#\/schema\/logo\/image\/","url":"https:\/\/schaumweinkontor.com\/wp-content\/uploads\/2022\/06\/Logo-schaumweinkontor.svg","contentUrl":"https:\/\/schaumweinkontor.com\/wp-content\/uploads\/2022\/06\/Logo-schaumweinkontor.svg","width":100,"height":100,"caption":"Schaumweinkontor"},"image":{"@id":"https:\/\/schaumweinkontor.com\/en\/#\/schema\/logo\/image\/"}}]}},"_links":{"self":[{"href":"https:\/\/schaumweinkontor.com\/en\/wp-json\/wp\/v2\/product\/4757","targetHints":{"allow":["GET"]}}],"collection":[{"href":"https:\/\/schaumweinkontor.com\/en\/wp-json\/wp\/v2\/product"}],"about":[{"href":"https:\/\/schaumweinkontor.com\/en\/wp-json\/wp\/v2\/types\/product"}],"replies":[{"embeddable":true,"href":"https:\/\/schaumweinkontor.com\/en\/wp-json\/wp\/v2\/comments?post=4757"}],"wp:featuredmedia":[{"embeddable":true,"href":"https:\/\/schaumweinkontor.com\/en\/wp-json\/wp\/v2\/media\/4556"}],"wp:attachment":[{"href":"https:\/\/schaumweinkontor.com\/en\/wp-json\/wp\/v2\/media?parent=4757"}],"wp:term":[{"taxonomy":"product_brand","embeddable":true,"href":"https:\/\/schaumweinkontor.com\/en\/wp-json\/wp\/v2\/product_brand?post=4757"},{"taxonomy":"product_cat","embeddable":true,"href":"https:\/\/schaumweinkontor.com\/en\/wp-json\/wp\/v2\/product_cat?post=4757"},{"taxonomy":"product_tag","embeddable":true,"href":"https:\/\/schaumweinkontor.com\/en\/wp-json\/wp\/v2\/product_tag?post=4757"},{"taxonomy":"giftcard-category","embeddable":true,"href":"https:\/\/schaumweinkontor.com\/en\/wp-json\/wp\/v2\/giftcard-category?post=4757"}],"curies":[{"name":"wp","href":"https:\/\/api.w.org\/{rel}","templated":true}]}}